{"id":5856,"date":"2024-01-23T11:08:59","date_gmt":"2024-01-23T11:08:59","guid":{"rendered":"https:\/\/innovecouture.vamtam.com\/?page_id=5856"},"modified":"2025-07-23T17:10:58","modified_gmt":"2025-07-23T17:10:58","slug":"our-fabrics","status":"publish","type":"page","link":"https:\/\/ozeano.es\/?page_id=5856","title":{"rendered":"Tejidos ecol\u00f3gicos"},"content":{"rendered":"\t\t<div data-elementor-type=\"wp-page\" data-elementor-id=\"5856\" class=\"elementor elementor-5856\" data-elementor-post-type=\"page\">\n\t\t\t\t<div class=\"elementor-element elementor-element-9e409d4 e-flex e-con-boxed e-con e-parent\" data-id=\"9e409d4\" data-element_type=\"container\">\n\t\t\t\t\t<div class=\"e-con-inner\">\n\t\t<div class=\"elementor-element elementor-element-9d72278 e-con-full e-transform e-transform e-flex e-con e-child\" data-id=\"9d72278\" data-element_type=\"container\" data-settings=\"{&quot;_transform_translateY_effect&quot;:{&quot;unit&quot;:&quot;px&quot;,&quot;size&quot;:573,&quot;sizes&quot;:[]},&quot;_transform_scale_effect&quot;:{&quot;unit&quot;:&quot;px&quot;,&quot;size&quot;:1.2,&quot;sizes&quot;:[]},&quot;_transform_translateX_effect&quot;:{&quot;unit&quot;:&quot;px&quot;,&quot;size&quot;:&quot;&quot;,&quot;sizes&quot;:[]},&quot;_transform_translateX_effect_tablet&quot;:{&quot;unit&quot;:&quot;px&quot;,&quot;size&quot;:&quot;&quot;,&quot;sizes&quot;:[]},&quot;_transform_translateX_effect_mobile&quot;:{&quot;unit&quot;:&quot;px&quot;,&quot;size&quot;:&quot;&quot;,&quot;sizes&quot;:[]},&quot;_transform_translateY_effect_tablet&quot;:{&quot;unit&quot;:&quot;px&quot;,&quot;size&quot;:&quot;&quot;,&quot;sizes&quot;:[]},&quot;_transform_translateY_effect_mobile&quot;:{&quot;unit&quot;:&quot;px&quot;,&quot;size&quot;:&quot;&quot;,&quot;sizes&quot;:[]},&quot;_transform_scale_effect_tablet&quot;:{&quot;unit&quot;:&quot;px&quot;,&quot;size&quot;:&quot;&quot;,&quot;sizes&quot;:[]},&quot;_transform_scale_effect_mobile&quot;:{&quot;unit&quot;:&quot;px&quot;,&quot;size&quot;:&quot;&quot;,&quot;sizes&quot;:[]}}\">\n\t\t\t\t<div class=\"elementor-element elementor-element-b174b56 elementor-hidden-mobile elementor-widget__width-initial e-transform elementor-invisible elementor-widget elementor-widget-image\" data-id=\"b174b56\" data-element_type=\"widget\" data-settings=\"{&quot;_animation&quot;:&quot;fadeIn&quot;,&quot;_transform_translateY_effect_tablet&quot;:{&quot;unit&quot;:&quot;px&quot;,&quot;size&quot;:-232,&quot;sizes&quot;:[]},&quot;_transform_translateX_effect&quot;:{&quot;unit&quot;:&quot;px&quot;,&quot;size&quot;:&quot;&quot;,&quot;sizes&quot;:[]},&quot;_transform_translateX_effect_tablet&quot;:{&quot;unit&quot;:&quot;px&quot;,&quot;size&quot;:&quot;&quot;,&quot;sizes&quot;:[]},&quot;_transform_translateX_effect_mobile&quot;:{&quot;unit&quot;:&quot;px&quot;,&quot;size&quot;:&quot;&quot;,&quot;sizes&quot;:[]},&quot;_transform_translateY_effect&quot;:{&quot;unit&quot;:&quot;px&quot;,&quot;size&quot;:&quot;&quot;,&quot;sizes&quot;:[]},&quot;_transform_translateY_effect_mobile&quot;:{&quot;unit&quot;:&quot;px&quot;,&quot;size&quot;:&quot;&quot;,&quot;sizes&quot;:[]}}\" data-widget_type=\"image.default\">\n\t\t\t\t\t\t\t\t\t\t\t\t\t\t\t<img fetchpriority=\"high\" decoding=\"async\" width=\"683\" height=\"1024\" src=\"https:\/\/ozeano.es\/wp-content\/uploads\/2024\/09\/dsc6282-editar-683x1024.webp\" class=\"attachment-large size-large wp-image-988988\" alt=\"hecho en canarias\" srcset=\"https:\/\/ozeano.es\/wp-content\/uploads\/2024\/09\/dsc6282-editar-683x1024.webp 683w, https:\/\/ozeano.es\/wp-content\/uploads\/2024\/09\/dsc6282-editar-scaled-420x630.webp 420w, https:\/\/ozeano.es\/wp-content\/uploads\/2024\/09\/dsc6282-editar-scaled-800x1200.webp 800w, https:\/\/ozeano.es\/wp-content\/uploads\/2024\/09\/dsc6282-editar-scaled-64x96.webp 64w, https:\/\/ozeano.es\/wp-content\/uploads\/2024\/09\/dsc6282-editar-200x300.webp 200w, https:\/\/ozeano.es\/wp-content\/uploads\/2024\/09\/dsc6282-editar-768x1152.webp 768w, https:\/\/ozeano.es\/wp-content\/uploads\/2024\/09\/dsc6282-editar-1024x1536.webp 1024w, https:\/\/ozeano.es\/wp-content\/uploads\/2024\/09\/dsc6282-editar-scaled.webp 1280w, https:\/\/ozeano.es\/wp-content\/uploads\/2024\/09\/dsc6282-editar-906x1360.webp 906w\" sizes=\"(max-width: 683px) 100vw, 683px\" \/>\t\t\t\t\t\t\t\t\t\t\t\t\t\t\t<\/div>\n\t\t\t\t<\/div>\n\t\t<div class=\"elementor-element elementor-element-f569d1b e-con-full e-flex e-con e-child\" data-id=\"f569d1b\" data-element_type=\"container\">\n\t\t\t\t<div class=\"elementor-element elementor-element-29301ed elementor-invisible elementor-widget elementor-widget-heading\" data-id=\"29301ed\" data-element_type=\"widget\" data-settings=\"{&quot;_animation&quot;:&quot;fadeIn&quot;,&quot;_animation_tablet&quot;:&quot;none&quot;,&quot;_animation_delay&quot;:200}\" data-widget_type=\"heading.default\">\n\t\t\t\t\t<h3 class=\"elementor-heading-title elementor-size-default\">Explora nuestras telas, hechas con pl\u00e1stico reciclado (RPET).<\/h3>\t\t\t\t<\/div>\n\t\t\t\t<div class=\"elementor-element elementor-element-505b903 elementor-widget elementor-widget-heading\" data-id=\"505b903\" data-element_type=\"widget\" data-widget_type=\"heading.default\">\n\t\t\t\t\t<h4 class=\"elementor-heading-title elementor-size-default\">Diamond dobby tech <\/h4>\t\t\t\t<\/div>\n\t\t\t\t<div class=\"elementor-element elementor-element-f553fc5 elementor-widget elementor-widget-text-editor\" data-id=\"f553fc5\" data-element_type=\"widget\" data-widget_type=\"text-editor.default\">\n\t\t\t\t\t\t\t\t\t<p>\u00a0<\/p><p>La tela que usamos en la mayoria de nuestras prendas contienen una tecnologia conocida como Diamond Dobby, esta ayuda a reducir la friccion entre la prenda y el atleta, asi dejando realizar al atleta entrenamientos y sesiones mas largas, ademas de ser una tela respetuosa con el medio ambiente al ser de plastico reciclado RPET<\/p>\t\t\t\t\t\t\t\t<\/div>\n\t\t\t\t<div class=\"elementor-element elementor-element-21a7ffe elementor-widget-divider--view-line elementor-widget elementor-widget-divider\" data-id=\"21a7ffe\" data-element_type=\"widget\" data-widget_type=\"divider.default\">\n\t\t\t\t\t\t\t<div class=\"elementor-divider\">\n\t\t\t<span class=\"elementor-divider-separator\">\n\t\t\t\t\t\t<\/span>\n\t\t<\/div>\n\t\t\t\t\t\t<\/div>\n\t\t\t\t<div class=\"elementor-element elementor-element-e3732b8 elementor-widget elementor-widget-heading\" data-id=\"e3732b8\" data-element_type=\"widget\" data-widget_type=\"heading.default\">\n\t\t\t\t\t<h4 class=\"elementor-heading-title elementor-size-default\">Tela a base de Coco<\/h4>\t\t\t\t<\/div>\n\t\t\t\t<div class=\"elementor-element elementor-element-37bb4dd elementor-widget elementor-widget-text-editor\" data-id=\"37bb4dd\" data-element_type=\"widget\" data-widget_type=\"text-editor.default\">\n\t\t\t\t\t\t\t\t\t<p>La Capa externa del coco, la que protege la pulpa con tiene fibras que son muy resistentes, y que al mezclarlas crean una Tela resistente y elastica que permite al surfista sentirse completamente comodo mienstras esta en el agua.<\/p><p>\u00a0<\/p>\t\t\t\t\t\t\t\t<\/div>\n\t\t\t\t<div class=\"elementor-element elementor-element-28918a3 elementor-widget-divider--view-line elementor-widget elementor-widget-divider\" data-id=\"28918a3\" data-element_type=\"widget\" data-widget_type=\"divider.default\">\n\t\t\t\t\t\t\t<div class=\"elementor-divider\">\n\t\t\t<span class=\"elementor-divider-separator\">\n\t\t\t\t\t\t<\/span>\n\t\t<\/div>\n\t\t\t\t\t\t<\/div>\n\t\t\t\t<div class=\"elementor-element elementor-element-040d44f elementor-widget elementor-widget-heading\" data-id=\"040d44f\" data-element_type=\"widget\" data-widget_type=\"heading.default\">\n\t\t\t\t\t<h4 class=\"elementor-heading-title elementor-size-default\">un compuesto retro<\/h4>\t\t\t\t<\/div>\n\t\t\t\t<div class=\"elementor-element elementor-element-4e01d61 elementor-widget elementor-widget-text-editor\" data-id=\"4e01d61\" data-element_type=\"widget\" data-widget_type=\"text-editor.default\">\n\t\t\t\t\t\t\t\t\t<p>Nuestras camisas est\u00e1n compuestas por una tela que contiene 60% algod\u00f3n y 40 Rpet, para tener un tacto agradable, los dise\u00f1os que nos diferencian y una gran resistencia\u00a0<\/p>\t\t\t\t\t\t\t\t<\/div>\n\t\t\t\t<\/div>\n\t\t<div class=\"elementor-element elementor-element-5144d71 e-con-full e-flex e-con e-child\" data-id=\"5144d71\" data-element_type=\"container\">\n\t\t\t\t<div class=\"elementor-element elementor-element-c9d530d e-transform e-transform elementor-hidden-tablet elementor-invisible elementor-widget elementor-widget-image\" data-id=\"c9d530d\" data-element_type=\"widget\" data-settings=\"{&quot;_animation&quot;:&quot;fadeIn&quot;,&quot;_transform_translateX_effect&quot;:{&quot;unit&quot;:&quot;px&quot;,&quot;size&quot;:0,&quot;sizes&quot;:[]},&quot;_transform_translateY_effect&quot;:{&quot;unit&quot;:&quot;px&quot;,&quot;size&quot;:37,&quot;sizes&quot;:[]},&quot;_transform_scale_effect&quot;:{&quot;unit&quot;:&quot;px&quot;,&quot;size&quot;:1.3,&quot;sizes&quot;:[]},&quot;_transform_translateX_effect_tablet&quot;:{&quot;unit&quot;:&quot;px&quot;,&quot;size&quot;:&quot;&quot;,&quot;sizes&quot;:[]},&quot;_transform_translateX_effect_mobile&quot;:{&quot;unit&quot;:&quot;px&quot;,&quot;size&quot;:&quot;&quot;,&quot;sizes&quot;:[]},&quot;_transform_translateY_effect_tablet&quot;:{&quot;unit&quot;:&quot;px&quot;,&quot;size&quot;:&quot;&quot;,&quot;sizes&quot;:[]},&quot;_transform_translateY_effect_mobile&quot;:{&quot;unit&quot;:&quot;px&quot;,&quot;size&quot;:&quot;&quot;,&quot;sizes&quot;:[]},&quot;_transform_scale_effect_tablet&quot;:{&quot;unit&quot;:&quot;px&quot;,&quot;size&quot;:&quot;&quot;,&quot;sizes&quot;:[]},&quot;_transform_scale_effect_mobile&quot;:{&quot;unit&quot;:&quot;px&quot;,&quot;size&quot;:&quot;&quot;,&quot;sizes&quot;:[]}}\" data-widget_type=\"image.default\">\n\t\t\t\t\t\t\t\t\t\t\t\t\t\t\t<img decoding=\"async\" width=\"683\" height=\"1024\" src=\"https:\/\/ozeano.es\/wp-content\/uploads\/2024\/07\/DSC07021-683x1024.jpg\" class=\"attachment-large size-large wp-image-795\" alt=\"flores retro\" srcset=\"https:\/\/ozeano.es\/wp-content\/uploads\/2024\/07\/DSC07021-683x1024.jpg 683w, https:\/\/ozeano.es\/wp-content\/uploads\/2024\/07\/DSC07021-scaled-420x630.jpg 420w, https:\/\/ozeano.es\/wp-content\/uploads\/2024\/07\/DSC07021-scaled-800x1200.jpg 800w, https:\/\/ozeano.es\/wp-content\/uploads\/2024\/07\/DSC07021-scaled-64x96.jpg 64w, https:\/\/ozeano.es\/wp-content\/uploads\/2024\/07\/DSC07021-200x300.jpg 200w, https:\/\/ozeano.es\/wp-content\/uploads\/2024\/07\/DSC07021-768x1152.jpg 768w, https:\/\/ozeano.es\/wp-content\/uploads\/2024\/07\/DSC07021-1024x1536.jpg 1024w, https:\/\/ozeano.es\/wp-content\/uploads\/2024\/07\/DSC07021-1365x2048.jpg 1365w, https:\/\/ozeano.es\/wp-content\/uploads\/2024\/07\/DSC07021-1140x1710.jpg 1140w, https:\/\/ozeano.es\/wp-content\/uploads\/2024\/07\/DSC07021-920x1380.jpg 920w, https:\/\/ozeano.es\/wp-content\/uploads\/2024\/07\/DSC07021-575x863.jpg 575w, https:\/\/ozeano.es\/wp-content\/uploads\/2024\/07\/DSC07021-380x570.jpg 380w, https:\/\/ozeano.es\/wp-content\/uploads\/2024\/07\/DSC07021-1320x1980.jpg 1320w, https:\/\/ozeano.es\/wp-content\/uploads\/2024\/07\/DSC07021-scaled.jpg 1707w\" sizes=\"(max-width: 683px) 100vw, 683px\" \/>\t\t\t\t\t\t\t\t\t\t\t\t\t\t\t<\/div>\n\t\t\t\t<\/div>\n\t\t\t\t\t<\/div>\n\t\t\t\t<\/div>\n\t\t<div class=\"elementor-element elementor-element-7e840a2 e-flex e-con-boxed e-con e-parent\" data-id=\"7e840a2\" data-element_type=\"container\">\n\t\t\t\t\t<div class=\"e-con-inner\">\n\t\t<div class=\"elementor-element elementor-element-2a43c63 e-con-full e-flex e-con e-child\" data-id=\"2a43c63\" data-element_type=\"container\" data-settings=\"{&quot;background_background&quot;:&quot;classic&quot;,&quot;background_motion_fx_motion_fx_scrolling&quot;:&quot;yes&quot;,&quot;background_motion_fx_translateY_effect&quot;:&quot;yes&quot;,&quot;background_motion_fx_translateY_speed&quot;:{&quot;unit&quot;:&quot;px&quot;,&quot;size&quot;:2,&quot;sizes&quot;:[]},&quot;background_motion_fx_translateY_affectedRange&quot;:{&quot;unit&quot;:&quot;%&quot;,&quot;size&quot;:&quot;&quot;,&quot;sizes&quot;:{&quot;start&quot;:30,&quot;end&quot;:80}},&quot;background_motion_fx_devices&quot;:[&quot;desktop&quot;]}\">\n\t\t\t\t<div class=\"elementor-element elementor-element-6bd8267 elementor-widget elementor-widget-image\" data-id=\"6bd8267\" data-element_type=\"widget\" data-settings=\"{&quot;motion_fx_motion_fx_scrolling&quot;:&quot;yes&quot;,&quot;motion_fx_translateY_effect&quot;:&quot;yes&quot;,&quot;motion_fx_translateY_direction&quot;:&quot;negative&quot;,&quot;motion_fx_translateY_speed&quot;:{&quot;unit&quot;:&quot;px&quot;,&quot;size&quot;:2,&quot;sizes&quot;:[]},&quot;motion_fx_translateY_affectedRange&quot;:{&quot;unit&quot;:&quot;%&quot;,&quot;size&quot;:&quot;&quot;,&quot;sizes&quot;:{&quot;start&quot;:0,&quot;end&quot;:50}},&quot;motion_fx_devices&quot;:[&quot;desktop&quot;],&quot;_animation&quot;:&quot;none&quot;}\" data-widget_type=\"image.default\">\n\t\t\t\t\t\t\t\t\t\t\t\t\t\t\t<img decoding=\"async\" width=\"576\" height=\"1024\" src=\"https:\/\/ozeano.es\/wp-content\/uploads\/2024\/09\/costura.00_00_05_28.Imagen-fija006-576x1024.webp\" class=\"attachment-large size-large wp-image-989000\" alt=\"\" srcset=\"https:\/\/ozeano.es\/wp-content\/uploads\/2024\/09\/costura.00_00_05_28.Imagen-fija006-576x1024.webp 576w, https:\/\/ozeano.es\/wp-content\/uploads\/2024\/09\/costura.00_00_05_28.Imagen-fija006-800x1422.webp 800w, https:\/\/ozeano.es\/wp-content\/uploads\/2024\/09\/costura.00_00_05_28.Imagen-fija006-64x114.webp 64w, https:\/\/ozeano.es\/wp-content\/uploads\/2024\/09\/costura.00_00_05_28.Imagen-fija006-169x300.webp 169w, https:\/\/ozeano.es\/wp-content\/uploads\/2024\/09\/costura.00_00_05_28.Imagen-fija006-768x1365.webp 768w, https:\/\/ozeano.es\/wp-content\/uploads\/2024\/09\/costura.00_00_05_28.Imagen-fija006-864x1536.webp 864w, https:\/\/ozeano.es\/wp-content\/uploads\/2024\/09\/costura.00_00_05_28.Imagen-fija006.webp 1080w\" sizes=\"(max-width: 576px) 100vw, 576px\" \/>\t\t\t\t\t\t\t\t\t\t\t\t\t\t\t<\/div>\n\t\t\t\t<\/div>\n\t\t<div class=\"elementor-element elementor-element-7bacba7 e-con-full e-flex e-con e-child\" data-id=\"7bacba7\" data-element_type=\"container\">\n\t\t\t\t<div class=\"elementor-element elementor-element-0f81323 elementor-widget elementor-widget-image\" data-id=\"0f81323\" data-element_type=\"widget\" data-widget_type=\"image.default\">\n\t\t\t\t\t\t\t\t\t\t\t\t\t\t\t<img decoding=\"async\" src=\"https:\/\/ozeano.es\/wp-content\/uploads\/2024\/01\/yasamine-june-U4Ewfl8ewq0-unsplash.jpg\" title=\"\" alt=\"\" loading=\"lazy\" \/>\t\t\t\t\t\t\t\t\t\t\t\t\t\t\t<\/div>\n\t\t\t\t<div class=\"elementor-element elementor-element-d6a59f4 elementor-widget elementor-widget-spacer\" data-id=\"d6a59f4\" data-element_type=\"widget\" data-widget_type=\"spacer.default\">\n\t\t\t\t\t\t\t<div class=\"elementor-spacer\">\n\t\t\t<div class=\"elementor-spacer-inner\"><\/div>\n\t\t<\/div>\n\t\t\t\t\t\t<\/div>\n\t\t<div class=\"elementor-element elementor-element-e0e48e7 e-flex e-con-boxed e-con e-child\" data-id=\"e0e48e7\" data-element_type=\"container\">\n\t\t\t\t\t<div class=\"e-con-inner\">\n\t\t\t\t<div class=\"elementor-element elementor-element-597e32d elementor-widget elementor-widget-heading\" data-id=\"597e32d\" data-element_type=\"widget\" data-widget_type=\"heading.default\">\n\t\t\t\t\t<h2 class=\"elementor-heading-title elementor-size-default\">Quieres saber mas de nuestras telas<\/h2>\t\t\t\t<\/div>\n\t\t\t\t<div class=\"elementor-element elementor-element-da4eccc elementor-widget__width-initial elementor-widget elementor-widget-text-editor\" data-id=\"da4eccc\" data-element_type=\"widget\" data-widget_type=\"text-editor.default\">\n\t\t\t\t\t\t\t\t\t<p>Visita nuestra tienda en Playa Blanca, Lanzarote y te explicaremos un poco m\u00e1s nuestras telas y la forma de fabricaci\u00f3n de nuestras prendas<\/p>\t\t\t\t\t\t\t\t<\/div>\n\t\t\t\t<div class=\"elementor-element elementor-element-571adfa elementor-mobile-align-center elementor-widget elementor-widget-button\" data-id=\"571adfa\" data-element_type=\"widget\" data-widget_type=\"button.default\">\n\t\t\t\t\t\t\t\t\t\t<a class=\"elementor-button elementor-size-sm\" role=\"button\">\n\t\t\t\t\t\t<span class=\"elementor-button-content-wrapper\">\n\t\t\t\t\t\t\t\t\t<span class=\"elementor-button-text\">see our stores<\/span>\n\t\t\t\t\t<\/span>\n\t\t\t\t\t<\/a>\n\t\t\t\t\t\t\t\t<\/div>\n\t\t\t\t\t<\/div>\n\t\t\t\t<\/div>\n\t\t\t\t<\/div>\n\t\t\t\t\t<\/div>\n\t\t\t\t<\/div>\n\t\t\t\t<\/div>\n\t\t","protected":false},"excerpt":{"rendered":"<p>About our fabrics<\/p>\n","protected":false},"author":1,"featured_media":5925,"parent":0,"menu_order":0,"comment_status":"closed","ping_status":"closed","template":"","meta":{"om_disable_all_campaigns":false,"_monsterinsights_skip_tracking":false,"_monsterinsights_sitenote_active":false,"_monsterinsights_sitenote_note":"","_monsterinsights_sitenote_category":0,"footnotes":""},"class_list":["post-5856","page","type-page","status-publish","has-post-thumbnail","hentry"],"yoast_head":"<!-- This site is optimized with the Yoast SEO plugin v25.5 - https:\/\/yoast.com\/wordpress\/plugins\/seo\/ -->\n<title>Tejidos ecol\u00f3gicos - ozeano<\/title>\n<meta name=\"robots\" content=\"index, follow, max-snippet:-1, max-image-preview:large, max-video-preview:-1\" \/>\n<link rel=\"canonical\" href=\"https:\/\/ozeano.es\/?page_id=5856\" \/>\n<meta property=\"og:locale\" content=\"es_ES\" \/>\n<meta property=\"og:type\" content=\"article\" \/>\n<meta property=\"og:title\" content=\"Tejidos ecol\u00f3gicos - ozeano\" \/>\n<meta property=\"og:description\" content=\"About our fabrics\" \/>\n<meta property=\"og:url\" content=\"https:\/\/ozeano.es\/?page_id=5856\" \/>\n<meta property=\"og:site_name\" content=\"ozeano\" \/>\n<meta property=\"article:modified_time\" content=\"2025-07-23T17:10:58+00:00\" \/>\n<meta property=\"og:image\" content=\"https:\/\/ozeano.es\/wp-content\/uploads\/2024\/01\/yasamine-june-9pFE-9CWEBI-unsplash-scaled-1.jpg\" \/>\n\t<meta property=\"og:image:width\" content=\"2560\" \/>\n\t<meta property=\"og:image:height\" content=\"1137\" \/>\n\t<meta property=\"og:image:type\" content=\"image\/jpeg\" \/>\n<meta name=\"twitter:card\" content=\"summary_large_image\" \/>\n<meta name=\"twitter:label1\" content=\"Tiempo de lectura\" \/>\n\t<meta name=\"twitter:data1\" content=\"2 minutos\" \/>\n<script type=\"application\/ld+json\" class=\"yoast-schema-graph\">{\"@context\":\"https:\/\/schema.org\",\"@graph\":[{\"@type\":\"WebPage\",\"@id\":\"https:\/\/ozeano.es\/?page_id=5856\",\"url\":\"https:\/\/ozeano.es\/?page_id=5856\",\"name\":\"Tejidos ecol\u00f3gicos - ozeano\",\"isPartOf\":{\"@id\":\"https:\/\/ozeano.es\/#website\"},\"primaryImageOfPage\":{\"@id\":\"https:\/\/ozeano.es\/?page_id=5856#primaryimage\"},\"image\":{\"@id\":\"https:\/\/ozeano.es\/?page_id=5856#primaryimage\"},\"thumbnailUrl\":\"https:\/\/ozeano.es\/wp-content\/uploads\/2024\/01\/yasamine-june-9pFE-9CWEBI-unsplash-scaled-1.jpg\",\"datePublished\":\"2024-01-23T11:08:59+00:00\",\"dateModified\":\"2025-07-23T17:10:58+00:00\",\"breadcrumb\":{\"@id\":\"https:\/\/ozeano.es\/?page_id=5856#breadcrumb\"},\"inLanguage\":\"es\",\"potentialAction\":[{\"@type\":\"ReadAction\",\"target\":[\"https:\/\/ozeano.es\/?page_id=5856\"]}]},{\"@type\":\"ImageObject\",\"inLanguage\":\"es\",\"@id\":\"https:\/\/ozeano.es\/?page_id=5856#primaryimage\",\"url\":\"https:\/\/ozeano.es\/wp-content\/uploads\/2024\/01\/yasamine-june-9pFE-9CWEBI-unsplash-scaled-1.jpg\",\"contentUrl\":\"https:\/\/ozeano.es\/wp-content\/uploads\/2024\/01\/yasamine-june-9pFE-9CWEBI-unsplash-scaled-1.jpg\",\"width\":2560,\"height\":1137},{\"@type\":\"BreadcrumbList\",\"@id\":\"https:\/\/ozeano.es\/?page_id=5856#breadcrumb\",\"itemListElement\":[{\"@type\":\"ListItem\",\"position\":1,\"name\":\"Home\",\"item\":\"https:\/\/ozeano.es\/\"},{\"@type\":\"ListItem\",\"position\":2,\"name\":\"Tejidos ecol\u00f3gicos\"}]},{\"@type\":\"WebSite\",\"@id\":\"https:\/\/ozeano.es\/#website\",\"url\":\"https:\/\/ozeano.es\/\",\"name\":\"ozeano\",\"description\":\"Marca de Ropa de surf\",\"publisher\":{\"@id\":\"https:\/\/ozeano.es\/#organization\"},\"potentialAction\":[{\"@type\":\"SearchAction\",\"target\":{\"@type\":\"EntryPoint\",\"urlTemplate\":\"https:\/\/ozeano.es\/?s={search_term_string}\"},\"query-input\":{\"@type\":\"PropertyValueSpecification\",\"valueRequired\":true,\"valueName\":\"search_term_string\"}}],\"inLanguage\":\"es\"},{\"@type\":\"Organization\",\"@id\":\"https:\/\/ozeano.es\/#organization\",\"name\":\"ozeano\",\"url\":\"https:\/\/ozeano.es\/\",\"logo\":{\"@type\":\"ImageObject\",\"inLanguage\":\"es\",\"@id\":\"https:\/\/ozeano.es\/#\/schema\/logo\/image\/\",\"url\":\"https:\/\/ozeano.es\/wp-content\/uploads\/2022\/09\/cropped-OZEANO-LETRA-Y-LOGO.png\",\"contentUrl\":\"https:\/\/ozeano.es\/wp-content\/uploads\/2022\/09\/cropped-OZEANO-LETRA-Y-LOGO.png\",\"width\":1541,\"height\":509,\"caption\":\"ozeano\"},\"image\":{\"@id\":\"https:\/\/ozeano.es\/#\/schema\/logo\/image\/\"},\"sameAs\":[\"https:\/\/www.instagram.com\/ozeano_\/\"]}]}<\/script>\n<!-- \/ Yoast SEO plugin. -->","yoast_head_json":{"title":"Tejidos ecol\u00f3gicos - ozeano","robots":{"index":"index","follow":"follow","max-snippet":"max-snippet:-1","max-image-preview":"max-image-preview:large","max-video-preview":"max-video-preview:-1"},"canonical":"https:\/\/ozeano.es\/?page_id=5856","og_locale":"es_ES","og_type":"article","og_title":"Tejidos ecol\u00f3gicos - ozeano","og_description":"About our fabrics","og_url":"https:\/\/ozeano.es\/?page_id=5856","og_site_name":"ozeano","article_modified_time":"2025-07-23T17:10:58+00:00","og_image":[{"width":2560,"height":1137,"url":"https:\/\/ozeano.es\/wp-content\/uploads\/2024\/01\/yasamine-june-9pFE-9CWEBI-unsplash-scaled-1.jpg","type":"image\/jpeg"}],"twitter_card":"summary_large_image","twitter_misc":{"Tiempo de lectura":"2 minutos"},"schema":{"@context":"https:\/\/schema.org","@graph":[{"@type":"WebPage","@id":"https:\/\/ozeano.es\/?page_id=5856","url":"https:\/\/ozeano.es\/?page_id=5856","name":"Tejidos ecol\u00f3gicos - ozeano","isPartOf":{"@id":"https:\/\/ozeano.es\/#website"},"primaryImageOfPage":{"@id":"https:\/\/ozeano.es\/?page_id=5856#primaryimage"},"image":{"@id":"https:\/\/ozeano.es\/?page_id=5856#primaryimage"},"thumbnailUrl":"https:\/\/ozeano.es\/wp-content\/uploads\/2024\/01\/yasamine-june-9pFE-9CWEBI-unsplash-scaled-1.jpg","datePublished":"2024-01-23T11:08:59+00:00","dateModified":"2025-07-23T17:10:58+00:00","breadcrumb":{"@id":"https:\/\/ozeano.es\/?page_id=5856#breadcrumb"},"inLanguage":"es","potentialAction":[{"@type":"ReadAction","target":["https:\/\/ozeano.es\/?page_id=5856"]}]},{"@type":"ImageObject","inLanguage":"es","@id":"https:\/\/ozeano.es\/?page_id=5856#primaryimage","url":"https:\/\/ozeano.es\/wp-content\/uploads\/2024\/01\/yasamine-june-9pFE-9CWEBI-unsplash-scaled-1.jpg","contentUrl":"https:\/\/ozeano.es\/wp-content\/uploads\/2024\/01\/yasamine-june-9pFE-9CWEBI-unsplash-scaled-1.jpg","width":2560,"height":1137},{"@type":"BreadcrumbList","@id":"https:\/\/ozeano.es\/?page_id=5856#breadcrumb","itemListElement":[{"@type":"ListItem","position":1,"name":"Home","item":"https:\/\/ozeano.es\/"},{"@type":"ListItem","position":2,"name":"Tejidos ecol\u00f3gicos"}]},{"@type":"WebSite","@id":"https:\/\/ozeano.es\/#website","url":"https:\/\/ozeano.es\/","name":"ozeano","description":"Marca de Ropa de surf","publisher":{"@id":"https:\/\/ozeano.es\/#organization"},"potentialAction":[{"@type":"SearchAction","target":{"@type":"EntryPoint","urlTemplate":"https:\/\/ozeano.es\/?s={search_term_string}"},"query-input":{"@type":"PropertyValueSpecification","valueRequired":true,"valueName":"search_term_string"}}],"inLanguage":"es"},{"@type":"Organization","@id":"https:\/\/ozeano.es\/#organization","name":"ozeano","url":"https:\/\/ozeano.es\/","logo":{"@type":"ImageObject","inLanguage":"es","@id":"https:\/\/ozeano.es\/#\/schema\/logo\/image\/","url":"https:\/\/ozeano.es\/wp-content\/uploads\/2022\/09\/cropped-OZEANO-LETRA-Y-LOGO.png","contentUrl":"https:\/\/ozeano.es\/wp-content\/uploads\/2022\/09\/cropped-OZEANO-LETRA-Y-LOGO.png","width":1541,"height":509,"caption":"ozeano"},"image":{"@id":"https:\/\/ozeano.es\/#\/schema\/logo\/image\/"},"sameAs":["https:\/\/www.instagram.com\/ozeano_\/"]}]}},"jetpack_sharing_enabled":true,"_links":{"self":[{"href":"https:\/\/ozeano.es\/index.php?rest_route=\/wp\/v2\/pages\/5856","targetHints":{"allow":["GET"]}}],"collection":[{"href":"https:\/\/ozeano.es\/index.php?rest_route=\/wp\/v2\/pages"}],"about":[{"href":"https:\/\/ozeano.es\/index.php?rest_route=\/wp\/v2\/types\/page"}],"author":[{"embeddable":true,"href":"https:\/\/ozeano.es\/index.php?rest_route=\/wp\/v2\/users\/1"}],"replies":[{"embeddable":true,"href":"https:\/\/ozeano.es\/index.php?rest_route=%2Fwp%2Fv2%2Fcomments&post=5856"}],"version-history":[{"count":19,"href":"https:\/\/ozeano.es\/index.php?rest_route=\/wp\/v2\/pages\/5856\/revisions"}],"predecessor-version":[{"id":989216,"href":"https:\/\/ozeano.es\/index.php?rest_route=\/wp\/v2\/pages\/5856\/revisions\/989216"}],"wp:featuredmedia":[{"embeddable":true,"href":"https:\/\/ozeano.es\/index.php?rest_route=\/wp\/v2\/media\/5925"}],"wp:attachment":[{"href":"https:\/\/ozeano.es\/index.php?rest_route=%2Fwp%2Fv2%2Fmedia&parent=5856"}],"curies":[{"name":"wp","href":"https:\/\/api.w.org\/{rel}","templated":true}]}}